{"id":54130,"date":"2024-11-27T11:01:52","date_gmt":"2024-11-27T10:01:52","guid":{"rendered":"https:\/\/gelateriadiberna.ch\/produkt\/pullover-marediberna\/"},"modified":"2024-11-27T11:01:52","modified_gmt":"2024-11-27T10:01:52","slug":"pullover-marediberna","status":"publish","type":"product","link":"https:\/\/gelateriadiberna.ch\/fr\/produit\/pullover-marediberna\/","title":{"rendered":"Hoodie &#8220;marediberna&#8221;"},"content":{"rendered":"<p>Composition : Shell : sweat-shirt gratt\u00e9, 100% coton biologique peign\u00e9 ring-spun,<br \/>\npr\u00e9lav\u00e9, 350 GSM<\/p>\n<p>Ta taille n&#8217;est plus disponible ? Envoyez-nous un e-mail (info@gelateriadiberna.ch).<\/p>\n<p>Les prix incluent la TVA.<\/p>\n<p>D\u00e9lai de livraison : env. 4-5 jours ouvrables<\/p>\n","protected":false},"excerpt":{"rendered":"<p>Composition : Shell : sweat-shirt gratt\u00e9, 100% coton biologique peign\u00e9 ring-spun, pr\u00e9lav\u00e9, 350 GSM Ta taille n&#8217;est plus disponible ? Envoyez-nous un e-mail (info@gelateriadiberna.ch). Les prix incluent la TVA. D\u00e9lai de livraison : env. 4-5 jours ouvrables<\/p>\n","protected":false},"featured_media":52842,"template":"","meta":{"_acf_changed":false},"product_brand":[],"product_cat":[262],"product_tag":[],"class_list":{"0":"post-54130","1":"product","2":"type-product","3":"status-publish","4":"has-post-thumbnail","6":"product_cat-marediberna-wear-fr","7":"product_shipping_class-kleidung-fr","8":"pa_groesse-l-fr","9":"pa_groesse-m-fr","10":"pa_groesse-s-fr","11":"pa_groesse-xl-fr","13":"first","14":"instock","15":"taxable","16":"shipping-taxable","17":"purchasable","18":"product-type-variable","19":"has-default-attributes"},"acf":[],"_links":{"self":[{"href":"https:\/\/gelateriadiberna.ch\/fr\/wp-json\/wp\/v2\/product\/54130","targetHints":{"allow":["GET"]}}],"collection":[{"href":"https:\/\/gelateriadiberna.ch\/fr\/wp-json\/wp\/v2\/product"}],"about":[{"href":"https:\/\/gelateriadiberna.ch\/fr\/wp-json\/wp\/v2\/types\/product"}],"wp:featuredmedia":[{"embeddable":true,"href":"https:\/\/gelateriadiberna.ch\/fr\/wp-json\/wp\/v2\/media\/52842"}],"wp:attachment":[{"href":"https:\/\/gelateriadiberna.ch\/fr\/wp-json\/wp\/v2\/media?parent=54130"}],"wp:term":[{"taxonomy":"product_brand","embeddable":true,"href":"https:\/\/gelateriadiberna.ch\/fr\/wp-json\/wp\/v2\/product_brand?post=54130"},{"taxonomy":"product_cat","embeddable":true,"href":"https:\/\/gelateriadiberna.ch\/fr\/wp-json\/wp\/v2\/product_cat?post=54130"},{"taxonomy":"product_tag","embeddable":true,"href":"https:\/\/gelateriadiberna.ch\/fr\/wp-json\/wp\/v2\/product_tag?post=54130"}],"curies":[{"name":"wp","href":"https:\/\/api.w.org\/{rel}","templated":true}]}}