{"id":54106,"date":"2024-11-27T20:53:59","date_gmt":"2024-11-27T19:53:59","guid":{"rendered":"https:\/\/gelateriadiberna.ch\/produkt\/herren-t-shirt-marediberna\/"},"modified":"2024-11-27T20:53:59","modified_gmt":"2024-11-27T19:53:59","slug":"herren-t-shirt-marediberna","status":"publish","type":"product","link":"https:\/\/gelateriadiberna.ch\/fr\/produit\/herren-t-shirt-marediberna\/","title":{"rendered":"T-Shirt &#8220;marediberna&#8221;"},"content":{"rendered":"<p>Shell : jersey simple, 100% coton &#8211; Organic Combed Ring Spun \/ Heather Haze : 70% Organic Cotton &#8211; 30% Recycled Cotton, Combed Ring Spun, Pr\u00e9lav\u00e9<\/p>\n<p>Ta taille n&#8217;est plus disponible ? Envoyez-nous un e-mail (info@gelateriadiberna.ch).<\/p>\n<p>Les prix incluent la TVA.<\/p>\n<p>D\u00e9lai de livraison : env. 4-5 jours ouvrables<\/p>\n","protected":false},"excerpt":{"rendered":"<p>Shell : jersey simple, 100% coton &#8211; Organic Combed Ring Spun \/ Heather Haze : 70% Organic Cotton &#8211; 30% Recycled Cotton, Combed Ring Spun, Pr\u00e9lav\u00e9 Ta taille n&#8217;est plus disponible ? Envoyez-nous un e-mail (info@gelateriadiberna.ch). Les prix incluent la TVA. D\u00e9lai de livraison : env. 4-5 jours ouvrables<\/p>\n","protected":false},"featured_media":52834,"template":"","meta":{"_acf_changed":false},"product_brand":[],"product_cat":[262],"product_tag":[],"class_list":{"0":"post-54106","1":"product","2":"type-product","3":"status-publish","4":"has-post-thumbnail","6":"product_cat-marediberna-wear-fr","7":"product_shipping_class-kleidung-fr","8":"pa_gender-dames","9":"pa_gender-hommes","10":"pa_groesse-l-fr","11":"pa_groesse-m-fr","12":"pa_groesse-s-fr","13":"pa_groesse-xl-fr","15":"first","16":"instock","17":"taxable","18":"shipping-taxable","19":"purchasable","20":"product-type-variable"},"acf":[],"_links":{"self":[{"href":"https:\/\/gelateriadiberna.ch\/fr\/wp-json\/wp\/v2\/product\/54106","targetHints":{"allow":["GET"]}}],"collection":[{"href":"https:\/\/gelateriadiberna.ch\/fr\/wp-json\/wp\/v2\/product"}],"about":[{"href":"https:\/\/gelateriadiberna.ch\/fr\/wp-json\/wp\/v2\/types\/product"}],"wp:featuredmedia":[{"embeddable":true,"href":"https:\/\/gelateriadiberna.ch\/fr\/wp-json\/wp\/v2\/media\/52834"}],"wp:attachment":[{"href":"https:\/\/gelateriadiberna.ch\/fr\/wp-json\/wp\/v2\/media?parent=54106"}],"wp:term":[{"taxonomy":"product_brand","embeddable":true,"href":"https:\/\/gelateriadiberna.ch\/fr\/wp-json\/wp\/v2\/product_brand?post=54106"},{"taxonomy":"product_cat","embeddable":true,"href":"https:\/\/gelateriadiberna.ch\/fr\/wp-json\/wp\/v2\/product_cat?post=54106"},{"taxonomy":"product_tag","embeddable":true,"href":"https:\/\/gelateriadiberna.ch\/fr\/wp-json\/wp\/v2\/product_tag?post=54106"}],"curies":[{"name":"wp","href":"https:\/\/api.w.org\/{rel}","templated":true}]}}