{"id":54101,"date":"2020-10-10T17:52:08","date_gmt":"2020-10-10T15:52:08","guid":{"rendered":"https:\/\/gelateriadiberna.ch\/produkt\/velocap-ciclisti-di-berna\/"},"modified":"2020-10-10T17:52:08","modified_gmt":"2020-10-10T15:52:08","slug":"velocap-ciclisti-di-berna","status":"publish","type":"product","link":"https:\/\/gelateriadiberna.ch\/fr\/produit\/velocap-ciclisti-di-berna\/","title":{"rendered":"Casquette cycliste &#8211; Ciclisti di Berna (grise)"},"content":{"rendered":"<p>Le casquette cycliste original de nos Gelatieri et Ciclisti di Berna. Fabriqu\u00e9e en Italie.<\/p>\n<p>One size fits all &#8211; taille unique. Gr\u00e2ce \u00e0 la bande flexible, elle convient \u00e0 presque toutes les tailles de t\u00eate.<\/p>\n<p>Les prix incluent la TVA et l&#8217;exp\u00e9dition.<\/p>\n<p>D\u00e9lai de livraison : env. 4-5 jours ouvrables<\/p>\n","protected":false},"excerpt":{"rendered":"<p>Le casquette cycliste original de nos Gelatieri et Ciclisti di Berna. Fabriqu\u00e9e en Italie. One size fits all &#8211; taille unique. Gr\u00e2ce \u00e0 la bande flexible, elle convient \u00e0 presque toutes les tailles de t\u00eate. Les prix incluent la TVA et l&#8217;exp\u00e9dition. D\u00e9lai de livraison : env. 4-5 jours ouvrables<\/p>\n","protected":false},"featured_media":52820,"template":"","meta":{"_acf_changed":false},"product_brand":[],"product_cat":[257],"product_tag":[],"class_list":{"0":"post-54101","1":"product","2":"type-product","3":"status-publish","4":"has-post-thumbnail","6":"product_cat-accessoires-fr","7":"product_shipping_class-accessoires-fr","9":"first","10":"instock","11":"taxable","12":"shipping-taxable","13":"purchasable","14":"product-type-simple"},"acf":[],"_links":{"self":[{"href":"https:\/\/gelateriadiberna.ch\/fr\/wp-json\/wp\/v2\/product\/54101","targetHints":{"allow":["GET"]}}],"collection":[{"href":"https:\/\/gelateriadiberna.ch\/fr\/wp-json\/wp\/v2\/product"}],"about":[{"href":"https:\/\/gelateriadiberna.ch\/fr\/wp-json\/wp\/v2\/types\/product"}],"wp:featuredmedia":[{"embeddable":true,"href":"https:\/\/gelateriadiberna.ch\/fr\/wp-json\/wp\/v2\/media\/52820"}],"wp:attachment":[{"href":"https:\/\/gelateriadiberna.ch\/fr\/wp-json\/wp\/v2\/media?parent=54101"}],"wp:term":[{"taxonomy":"product_brand","embeddable":true,"href":"https:\/\/gelateriadiberna.ch\/fr\/wp-json\/wp\/v2\/product_brand?post=54101"},{"taxonomy":"product_cat","embeddable":true,"href":"https:\/\/gelateriadiberna.ch\/fr\/wp-json\/wp\/v2\/product_cat?post=54101"},{"taxonomy":"product_tag","embeddable":true,"href":"https:\/\/gelateriadiberna.ch\/fr\/wp-json\/wp\/v2\/product_tag?post=54101"}],"curies":[{"name":"wp","href":"https:\/\/api.w.org\/{rel}","templated":true}]}}