{"id":53660,"date":"2017-03-23T04:16:27","date_gmt":"2017-03-23T03:16:27","guid":{"rendered":"https:\/\/gelateriadiberna.ch\/produkt\/vascette-750ml\/"},"modified":"2026-02-19T02:06:21","modified_gmt":"2026-02-19T01:06:21","slug":"vascette-750ml","status":"publish","type":"product","link":"https:\/\/gelateriadiberna.ch\/fr\/produit\/vascette-750ml\/","title":{"rendered":"Vaschetta 750ml"},"content":{"rendered":"","protected":false},"excerpt":{"rendered":"<p>Gelati conditionn\u00e9 dans une vaschetta en polystyr\u00e8ne.<\/p>\n<ul>\n<li>Nombre de vari\u00e9t\u00e9s : 1-4<\/li>\n<li>Conservation: au moins \u00e0 -18 degr\u00e9s. nos gelatos sont fra\u00eechement fabriqu\u00e9s chaque jour. Nous recommandons donc de les consommer aussi frais que possible. Une conservation (au cong\u00e9lateur) jusqu&#8217;\u00e0 un mois est toutefois possible sans probl\u00e8me.<\/li>\n<li>Quantit\u00e9 par personne: nous recommandons 120-150 ml par personne.<\/li>\n<li>Paiement: carte de cr\u00e9dit ou Twint \u00e0 la commande<\/li>\n<li>Si vous avez des questions sur la composition et les ingr\u00e9dients allerg\u00e8nes, le personnel de nos sites se fera un plaisir de vous renseigner pendant nos heures d&#8217;ouverture.<\/li>\n<li>En cas de r\u00e9gime alimentaire particulier ou de nombreuses allergies, vous pouvez nous contacter \u00e0 tout moment via le formulaire de contact afin que nous puissions trouver ensemble une vari\u00e9t\u00e9 adapt\u00e9e.<\/li>\n<li>Tu trouveras <a href=\"https:\/\/gelateriadiberna.ch\/fr\/gelati-2\/\">ici<\/a> de plus amples informations sur nos gelati<\/li>\n<\/ul>\n","protected":false},"featured_media":52700,"template":"","meta":{"_acf_changed":false},"product_brand":[],"product_cat":[258,256],"product_tag":[],"class_list":{"0":"post-53660","1":"product","2":"type-product","3":"status-publish","4":"has-post-thumbnail","6":"product_cat-gelati-fr","7":"product_cat-precommander-retirer","8":"product_shipping_class-gelati-fr","10":"first","11":"instock","12":"taxable","13":"shipping-taxable","14":"purchasable","15":"product-type-variable"},"acf":[],"_links":{"self":[{"href":"https:\/\/gelateriadiberna.ch\/fr\/wp-json\/wp\/v2\/product\/53660","targetHints":{"allow":["GET"]}}],"collection":[{"href":"https:\/\/gelateriadiberna.ch\/fr\/wp-json\/wp\/v2\/product"}],"about":[{"href":"https:\/\/gelateriadiberna.ch\/fr\/wp-json\/wp\/v2\/types\/product"}],"wp:featuredmedia":[{"embeddable":true,"href":"https:\/\/gelateriadiberna.ch\/fr\/wp-json\/wp\/v2\/media\/52700"}],"wp:attachment":[{"href":"https:\/\/gelateriadiberna.ch\/fr\/wp-json\/wp\/v2\/media?parent=53660"}],"wp:term":[{"taxonomy":"product_brand","embeddable":true,"href":"https:\/\/gelateriadiberna.ch\/fr\/wp-json\/wp\/v2\/product_brand?post=53660"},{"taxonomy":"product_cat","embeddable":true,"href":"https:\/\/gelateriadiberna.ch\/fr\/wp-json\/wp\/v2\/product_cat?post=53660"},{"taxonomy":"product_tag","embeddable":true,"href":"https:\/\/gelateriadiberna.ch\/fr\/wp-json\/wp\/v2\/product_tag?post=53660"}],"curies":[{"name":"wp","href":"https:\/\/api.w.org\/{rel}","templated":true}]}}