{"id":53657,"date":"2018-10-04T15:04:33","date_gmt":"2018-10-04T13:04:33","guid":{"rendered":"https:\/\/gelateriadiberna.ch\/produkt\/bon-5-50-francs\/"},"modified":"2025-05-29T16:04:58","modified_gmt":"2025-05-29T14:04:58","slug":"bon-5-50-francs","status":"publish","type":"product","link":"https:\/\/gelateriadiberna.ch\/fr\/produit\/bon-5-50-francs\/","title":{"rendered":"Bon (5.50 francs)"},"content":{"rendered":"","protected":false},"excerpt":{"rendered":"<p>Avec un bon d&#8217;achat de 5,50 francs, vous pouvez b\u00e9n\u00e9ficier d&#8217;une grande portion de gelato, avec jusqu&#8217;\u00e0 trois sortes au choix.<\/p>\n","protected":false},"featured_media":54098,"template":"","meta":{"_acf_changed":false},"product_brand":[],"product_cat":[260],"product_tag":[],"class_list":{"0":"post-53657","1":"product","2":"type-product","3":"status-publish","4":"has-post-thumbnail","6":"product_cat-cartes-cadeaux","7":"product_shipping_class-cartes-cadeaux","9":"first","10":"instock","11":"purchasable","12":"product-type-simple"},"acf":[],"_links":{"self":[{"href":"https:\/\/gelateriadiberna.ch\/fr\/wp-json\/wp\/v2\/product\/53657","targetHints":{"allow":["GET"]}}],"collection":[{"href":"https:\/\/gelateriadiberna.ch\/fr\/wp-json\/wp\/v2\/product"}],"about":[{"href":"https:\/\/gelateriadiberna.ch\/fr\/wp-json\/wp\/v2\/types\/product"}],"wp:featuredmedia":[{"embeddable":true,"href":"https:\/\/gelateriadiberna.ch\/fr\/wp-json\/wp\/v2\/media\/54098"}],"wp:attachment":[{"href":"https:\/\/gelateriadiberna.ch\/fr\/wp-json\/wp\/v2\/media?parent=53657"}],"wp:term":[{"taxonomy":"product_brand","embeddable":true,"href":"https:\/\/gelateriadiberna.ch\/fr\/wp-json\/wp\/v2\/product_brand?post=53657"},{"taxonomy":"product_cat","embeddable":true,"href":"https:\/\/gelateriadiberna.ch\/fr\/wp-json\/wp\/v2\/product_cat?post=53657"},{"taxonomy":"product_tag","embeddable":true,"href":"https:\/\/gelateriadiberna.ch\/fr\/wp-json\/wp\/v2\/product_tag?post=53657"}],"curies":[{"name":"wp","href":"https:\/\/api.w.org\/{rel}","templated":true}]}}