{"id":52631,"date":"2016-02-27T20:02:52","date_gmt":"2016-02-27T19:02:52","guid":{"rendered":"https:\/\/gelateriadiberna.ch\/agb\/"},"modified":"2025-05-29T18:15:22","modified_gmt":"2025-05-29T16:15:22","slug":"agb","status":"publish","type":"page","link":"https:\/\/gelateriadiberna.ch\/fr\/agb\/","title":{"rendered":"CGV"},"content":{"rendered":"<p>1. Validit\u00e9 des CGV<\/p>\n<p>Gelateria di Berna AG (ci-apr\u00e8s d\u00e9nomm\u00e9e \u00ab prestataire \u00bb) effectue toutes les livraisons et prestations sur la base des CGV suivantes, dans la version en vigueur au moment de la commande. Ces CGV sont valables pour une dur\u00e9e ind\u00e9termin\u00e9e tant qu&#8217;elles n&#8217;ont pas \u00e9t\u00e9 modifi\u00e9es par les parties dans le cadre d&#8217;un accord \u00e9crit et sont valables pour tous les produits et prestations de la prestataire sur la plateforme en ligne www.gelateriadiberna.ch. Par ailleurs, les dispositions du CO relatives au contrat de vente ainsi que les autres lois et ordonnances suisses s&#8217;appliquent. Si l&#8217;une des dispositions des pr\u00e9sentes CGV est invalide ou pr\u00e9sente une lacune, la validit\u00e9 juridique des autres dispositions n&#8217;en est pas affect\u00e9e. En lieu et place des dispositions caduques, une disposition valable se rapprochant le plus possible de l&#8217;intention \u00e9conomique des parties est consid\u00e9r\u00e9e comme convenue d\u00e8s le d\u00e9part. Il en va de m\u00eame en cas de lacune. En remplissant et en envoyant la commande des produits correspondants, le client accepte les pr\u00e9sentes conditions.<\/p>\n<p>2. Offre et conclusion du contrat<\/p>\n<p>Toutes les offres de la prestataire sont sans engagement. Le contrat entre le client et le fournisseur est conclu par l&#8217;envoi de la commande dans la boutique en ligne. La confirmation de la prestataire est d\u00e9terminante pour l&#8217;\u00e9tendue et l&#8217;ex\u00e9cution de la livraison. Apr\u00e8s r\u00e9ception de la commande par le fournisseur, le client re\u00e7oit imm\u00e9diatement par e-mail une confirmation de la r\u00e9ception de la commande, y compris le contenu et l&#8217;\u00e9tendue des prestations. En cas d&#8217;erreur manifeste d&#8217;\u00e9criture ou de facturation, la prestataire est en droit de r\u00e9silier le contrat.<\/p>\n<p>3. Prix et frais d&#8217;exp\u00e9dition<\/p>\n<p>Les prix indiqu\u00e9s dans la boutique en ligne sont sans engagement et peuvent \u00eatre adapt\u00e9s \u00e0 tout moment par la prestataire.<\/p>\n<p>4. Enl\u00e8vement et d\u00e9lai d&#8217;enl\u00e8vement<\/p>\n<p>L&#8217;enl\u00e8vement a lieu \u00e0 la date souhait\u00e9e selon la commande. Pour des raisons logistiques, la gelato command\u00e9e peut \u00eatre stock\u00e9e au maximum trois jours apr\u00e8s la date d&#8217;enl\u00e8vement.<\/p>\n<p>5. Timbres-cadeaux avec gelatoon<\/p>\n<p>Le prestataire peut \u00e9mettre des timbres-cadeaux avec un bon pour la r\u00e9ception d&#8217;une gelato \u00e0 la valeur indiqu\u00e9e. La partie affranchissement des timbres-cadeaux sert de timbre de valeur pour l&#8217;envoi d&#8217;un courrier correspondant \u00e0 la Poste suisse. En revanche, les bons des timbres-cadeaux ne peuvent \u00eatre \u00e9chang\u00e9s qu&#8217;aupr\u00e8s de l&#8217;Offrant.<\/p>\n<p>6. Dispositions finales<\/p>\n<p>Le tribunal comp\u00e9tent est celui du si\u00e8ge de la prestataire. Toutefois, le fournisseur peut \u00e9galement faire appel au tribunal du si\u00e8ge du client. Seul le droit suisse est applicable, m\u00eame si la commande est pass\u00e9e depuis l&#8217;\u00e9tranger ou si la livraison est effectu\u00e9e \u00e0 l&#8217;\u00e9tranger. Les parties s&#8217;efforceront de r\u00e9gler \u00e0 l&#8217;amiable les \u00e9ventuels litiges d\u00e9coulant de l&#8217;ex\u00e9cution du pr\u00e9sent contrat. La commande de marchandises par l&#8217;acheteur vaut acceptation des pr\u00e9sentes conditions g\u00e9n\u00e9rales de vente. Toute modification ou tout compl\u00e9ment aux conditions g\u00e9n\u00e9rales de vente est du ressort exclusif du fournisseur et doit \u00eatre effectu\u00e9 par \u00e9crit.<\/p>\n\n\n<p><\/p>\n","protected":false},"excerpt":{"rendered":"<p>1. Validit\u00e9 des CGV Gelateria di Berna AG (ci-apr\u00e8s d\u00e9nomm\u00e9e \u00ab prestataire \u00bb) effectue toutes les livraisons et prestations sur la base des CGV suivantes, dans la version en vigueur au moment de la commande. Ces CGV sont valables pour une dur\u00e9e ind\u00e9termin\u00e9e tant qu&#8217;elles n&#8217;ont pas \u00e9t\u00e9 modifi\u00e9es par les parties dans le cadre [&hellip;]<\/p>\n","protected":false},"author":3,"featured_media":0,"parent":0,"menu_order":0,"comment_status":"closed","ping_status":"closed","template":"","meta":{"_acf_changed":false,"footnotes":""},"class_list":["post-52631","page","type-page","status-publish","hentry"],"acf":[],"_links":{"self":[{"href":"https:\/\/gelateriadiberna.ch\/fr\/wp-json\/wp\/v2\/pages\/52631","targetHints":{"allow":["GET"]}}],"collection":[{"href":"https:\/\/gelateriadiberna.ch\/fr\/wp-json\/wp\/v2\/pages"}],"about":[{"href":"https:\/\/gelateriadiberna.ch\/fr\/wp-json\/wp\/v2\/types\/page"}],"author":[{"embeddable":true,"href":"https:\/\/gelateriadiberna.ch\/fr\/wp-json\/wp\/v2\/users\/3"}],"replies":[{"embeddable":true,"href":"https:\/\/gelateriadiberna.ch\/fr\/wp-json\/wp\/v2\/comments?post=52631"}],"version-history":[{"count":2,"href":"https:\/\/gelateriadiberna.ch\/fr\/wp-json\/wp\/v2\/pages\/52631\/revisions"}],"predecessor-version":[{"id":54191,"href":"https:\/\/gelateriadiberna.ch\/fr\/wp-json\/wp\/v2\/pages\/52631\/revisions\/54191"}],"wp:attachment":[{"href":"https:\/\/gelateriadiberna.ch\/fr\/wp-json\/wp\/v2\/media?parent=52631"}],"curies":[{"name":"wp","href":"https:\/\/api.w.org\/{rel}","templated":true}]}}