{"id":52630,"date":"2016-02-27T20:02:52","date_gmt":"2016-02-27T19:02:52","guid":{"rendered":"https:\/\/gelateriadiberna.ch\/datenschutzbelehrung\/"},"modified":"2025-06-06T18:58:34","modified_gmt":"2025-06-06T16:58:34","slug":"informations-sur-la-protection-des-donnees","status":"publish","type":"page","link":"https:\/\/gelateriadiberna.ch\/fr\/informations-sur-la-protection-des-donnees\/","title":{"rendered":"Informations sur la protection des donn\u00e9es"},"content":{"rendered":"\n<p>Die Kundendaten werden gem\u00e4ss der Schweizerischen Datenschutzgesetzgebung vertraulich behandelt, nur zur Gesch\u00e4ftsabwicklung genutzt und nicht an Dritte zur Verf\u00fcgung gestellt. Der Kunde erkl\u00e4rt sich mit der Annahme der AGBs, zur vollumf\u00e4nglichen Verwertung seiner Daten durch die Anbieterin einverstanden.<\/p>\n\n\n\n<p>\n\u201eDiese Website benutzt Google Analytics, einen Webanalysedienst der \nGoogle Inc. (\u201eGoogle\u201c). Google Analytics verwendet sog. \u201eCookies\u201c, \nTextdateien, die auf Ihrem Computer gespeichert werden und die eine \nAnalyse der Benutzung der Website durch Sie erm\u00f6glichen. Die durch den \nCookie erzeugten Informationen \u00fcber Ihre Benutzung dieser Website \n(einschlie\u00dflich Ihrer IP-Adresse) wird an einen Server von Google in den\n USA \u00fcbertragen und dort gespeichert. Google wird diese Informationen \nbenutzen, um Ihre Nutzung der Website auszuwerten, um Reports \u00fcber die \nWebsiteaktivit\u00e4ten f\u00fcr die Websitebetreiber zusammenzustellen und um \nweitere mit der Websitenutzung und der Internetnutzung verbundene \nDienstleistungen zu erbringen. Auch wird Google diese Informationen \ngegebenenfalls an Dritte \u00fcbertragen, sofern dies gesetzlich \nvorgeschrieben oder soweit Dritte diese Daten im Auftrag von Google \nverarbeiten. Google wird in keinem Fall Ihre IP-Adresse mit anderen \nDaten von Google in Verbindung bringen. Sie k\u00f6nnen die Installation der \nCookies durch eine entsprechende Einstellung Ihrer Browser Software \nverhindern; wir weisen Sie jedoch darauf hin, dass Sie in diesem Fall \ngegebenenfalls nicht s\u00e4mtliche Funktionen dieser Website vollumf\u00e4nglich \nnutzen k\u00f6nnen. Durch die Nutzung dieser Website erkl\u00e4ren Sie sich mit \nder Bearbeitung der \u00fcber Sie erhobenen Daten durch Google in der zuvor \nbeschriebenen Art und Weise und zu dem zuvor benannten Zweck \neinverstanden.\u201c\n\n<\/p>\n","protected":false},"excerpt":{"rendered":"<p>Die Kundendaten werden gem\u00e4ss der Schweizerischen Datenschutzgesetzgebung vertraulich behandelt, nur zur Gesch\u00e4ftsabwicklung genutzt und nicht an Dritte zur Verf\u00fcgung gestellt. Der Kunde erkl\u00e4rt sich mit der Annahme der AGBs, zur vollumf\u00e4nglichen Verwertung seiner Daten durch die Anbieterin einverstanden. \u201eDiese Website benutzt Google Analytics, einen Webanalysedienst der Google Inc. (\u201eGoogle\u201c). Google Analytics verwendet sog. \u201eCookies\u201c, Textdateien, [&hellip;]<\/p>\n","protected":false},"author":3,"featured_media":0,"parent":0,"menu_order":0,"comment_status":"closed","ping_status":"closed","template":"","meta":{"_acf_changed":false,"footnotes":""},"class_list":["post-52630","page","type-page","status-publish","hentry"],"acf":[],"_links":{"self":[{"href":"https:\/\/gelateriadiberna.ch\/fr\/wp-json\/wp\/v2\/pages\/52630","targetHints":{"allow":["GET"]}}],"collection":[{"href":"https:\/\/gelateriadiberna.ch\/fr\/wp-json\/wp\/v2\/pages"}],"about":[{"href":"https:\/\/gelateriadiberna.ch\/fr\/wp-json\/wp\/v2\/types\/page"}],"author":[{"embeddable":true,"href":"https:\/\/gelateriadiberna.ch\/fr\/wp-json\/wp\/v2\/users\/3"}],"replies":[{"embeddable":true,"href":"https:\/\/gelateriadiberna.ch\/fr\/wp-json\/wp\/v2\/comments?post=52630"}],"version-history":[{"count":2,"href":"https:\/\/gelateriadiberna.ch\/fr\/wp-json\/wp\/v2\/pages\/52630\/revisions"}],"predecessor-version":[{"id":54604,"href":"https:\/\/gelateriadiberna.ch\/fr\/wp-json\/wp\/v2\/pages\/52630\/revisions\/54604"}],"wp:attachment":[{"href":"https:\/\/gelateriadiberna.ch\/fr\/wp-json\/wp\/v2\/media?parent=52630"}],"curies":[{"name":"wp","href":"https:\/\/api.w.org\/{rel}","templated":true}]}}