{"id":52604,"date":"2019-02-12T23:07:30","date_gmt":"2019-02-12T22:07:30","guid":{"rendered":"https:\/\/gelateriadiberna.ch\/ueber-uns\/"},"modified":"2025-06-04T18:07:18","modified_gmt":"2025-06-04T16:07:18","slug":"ueber-uns","status":"publish","type":"page","link":"https:\/\/gelateriadiberna.ch\/fr\/ueber-uns\/","title":{"rendered":"\u00c0 propos de nous"},"content":{"rendered":"\n<p>Les vacances en camping en Italie\u2026 comme elles sont ancr\u00e9es dans nos m\u00e9moires depuis l\u2019enfance. Quelque part entre Livourne et Follonica. Une petite localit\u00e9 au bord de la mer. Ann\u00e9e apr\u00e8s ann\u00e9e, la m\u00eame chose. Sur la piazza, les gar\u00e7ons font des tours de Vespa \u00e0 toute vitesse. Les hommes vieux s&#8217;exclament bruyamment contre les d\u00e9mocrates chr\u00e9tiens ou les communistes. Les femmes, habill\u00e9es chic ou en noir, font leurs courses autour de la fontaine. Et au centre de cette sc\u00e8ne : la gelateria.<\/p>\n\n\n\n<p>Le souvenir du bonheur d&#8217;\u00eatre devant cette vitrine et de pouvoir choisir pour mille lires nous a pouss\u00e9s. Nous avons appris le m\u00e9tier dans les meilleures Gelaterie de V\u00e9rone. Nous avons commenc\u00e9 dans une fromagerie d\u00e9saffect\u00e9e au pied du Belpberg. En automne 2010, nous avons ouvert la premi\u00e8re Gelateria di Berna dans la Mittelstrasse, que nous avons en grande partie transform\u00e9e nous-m\u00eames. La zone de rencontre qui se trouvait devant s&#8217;est presque transform\u00e9e en une sorte de piazza.<\/p>\n\n\n\n<p>PPour que nous puissions, \u00e0 notre tour, planter ce souvenir dans le c\u0153ur des enfant.<\/p>\n\n\n\n<ul class=\"wp-block-gallery columns-3 wp-block-gallery-1 is-layout-flex wp-block-gallery-is-layout-flex\"><li class=\"blocks-gallery-item\"><figure><img loading=\"lazy\" decoding=\"async\" width=\"854\" height=\"852\" src=\"https:\/\/gelateriadiberna.ch\/wp-content\/uploads\/bdbebb_1fa1a8b7dbf649468e9a7d971f75eda5.jpg\" alt=\"\" data-id=\"488\" data-link=\"https:\/\/gelateriadiberna.ch\/startseite\/bdbebb_1fa1a8b7dbf649468e9a7d971f75eda5\/\" class=\"wp-image-488\" srcset=\"https:\/\/gelateriadiberna.ch\/wp-content\/uploads\/bdbebb_1fa1a8b7dbf649468e9a7d971f75eda5.jpg 854w, https:\/\/gelateriadiberna.ch\/wp-content\/uploads\/bdbebb_1fa1a8b7dbf649468e9a7d971f75eda5-80x80.jpg 80w, https:\/\/gelateriadiberna.ch\/wp-content\/uploads\/bdbebb_1fa1a8b7dbf649468e9a7d971f75eda5-800x798.jpg 800w, https:\/\/gelateriadiberna.ch\/wp-content\/uploads\/bdbebb_1fa1a8b7dbf649468e9a7d971f75eda5-400x400.jpg 400w, https:\/\/gelateriadiberna.ch\/wp-content\/uploads\/bdbebb_1fa1a8b7dbf649468e9a7d971f75eda5-416x415.jpg 416w, https:\/\/gelateriadiberna.ch\/wp-content\/uploads\/bdbebb_1fa1a8b7dbf649468e9a7d971f75eda5-100x100.jpg 100w\" sizes=\"auto, (max-width: 854px) 100vw, 854px\" \/><\/figure><\/li><li class=\"blocks-gallery-item\"><figure><img loading=\"lazy\" decoding=\"async\" width=\"854\" height=\"852\" src=\"https:\/\/gelateriadiberna.ch\/wp-content\/uploads\/bdbebb_d85526f290524275b1a7210922127370mv2_d_3872_2592_s_4_2.jpg\" alt=\"\" data-id=\"496\" data-link=\"https:\/\/gelateriadiberna.ch\/startseite\/bdbebb_d85526f290524275b1a7210922127370mv2_d_3872_2592_s_4_2\/\" class=\"wp-image-496\" srcset=\"https:\/\/gelateriadiberna.ch\/wp-content\/uploads\/bdbebb_d85526f290524275b1a7210922127370mv2_d_3872_2592_s_4_2.jpg 854w, https:\/\/gelateriadiberna.ch\/wp-content\/uploads\/bdbebb_d85526f290524275b1a7210922127370mv2_d_3872_2592_s_4_2-80x80.jpg 80w, https:\/\/gelateriadiberna.ch\/wp-content\/uploads\/bdbebb_d85526f290524275b1a7210922127370mv2_d_3872_2592_s_4_2-800x798.jpg 800w, https:\/\/gelateriadiberna.ch\/wp-content\/uploads\/bdbebb_d85526f290524275b1a7210922127370mv2_d_3872_2592_s_4_2-400x400.jpg 400w, https:\/\/gelateriadiberna.ch\/wp-content\/uploads\/bdbebb_d85526f290524275b1a7210922127370mv2_d_3872_2592_s_4_2-416x415.jpg 416w, https:\/\/gelateriadiberna.ch\/wp-content\/uploads\/bdbebb_d85526f290524275b1a7210922127370mv2_d_3872_2592_s_4_2-100x100.jpg 100w\" sizes=\"auto, (max-width: 854px) 100vw, 854px\" \/><\/figure><\/li><li class=\"blocks-gallery-item\"><figure><img loading=\"lazy\" decoding=\"async\" width=\"854\" height=\"852\" src=\"https:\/\/gelateriadiberna.ch\/wp-content\/uploads\/bdbebb_e480226cea304e5cbf30f9a436de2e8b.jpg\" alt=\"\" data-id=\"492\" data-link=\"https:\/\/gelateriadiberna.ch\/startseite\/bdbebb_e480226cea304e5cbf30f9a436de2e8b\/\" class=\"wp-image-492\" srcset=\"https:\/\/gelateriadiberna.ch\/wp-content\/uploads\/bdbebb_e480226cea304e5cbf30f9a436de2e8b.jpg 854w, https:\/\/gelateriadiberna.ch\/wp-content\/uploads\/bdbebb_e480226cea304e5cbf30f9a436de2e8b-80x80.jpg 80w, https:\/\/gelateriadiberna.ch\/wp-content\/uploads\/bdbebb_e480226cea304e5cbf30f9a436de2e8b-800x798.jpg 800w, https:\/\/gelateriadiberna.ch\/wp-content\/uploads\/bdbebb_e480226cea304e5cbf30f9a436de2e8b-400x400.jpg 400w, https:\/\/gelateriadiberna.ch\/wp-content\/uploads\/bdbebb_e480226cea304e5cbf30f9a436de2e8b-416x415.jpg 416w, https:\/\/gelateriadiberna.ch\/wp-content\/uploads\/bdbebb_e480226cea304e5cbf30f9a436de2e8b-100x100.jpg 100w\" sizes=\"auto, (max-width: 854px) 100vw, 854px\" \/><\/figure><\/li><li class=\"blocks-gallery-item\"><figure><img loading=\"lazy\" decoding=\"async\" width=\"854\" height=\"852\" src=\"https:\/\/gelateriadiberna.ch\/wp-content\/uploads\/bdbebb_fdccfcfb74a84ad89a2aff29072167d9mv2_d_3872_2592_s_4_2.jpg\" alt=\"\" data-id=\"499\" data-link=\"https:\/\/gelateriadiberna.ch\/startseite\/bdbebb_fdccfcfb74a84ad89a2aff29072167d9mv2_d_3872_2592_s_4_2\/\" class=\"wp-image-499\" srcset=\"https:\/\/gelateriadiberna.ch\/wp-content\/uploads\/bdbebb_fdccfcfb74a84ad89a2aff29072167d9mv2_d_3872_2592_s_4_2.jpg 854w, https:\/\/gelateriadiberna.ch\/wp-content\/uploads\/bdbebb_fdccfcfb74a84ad89a2aff29072167d9mv2_d_3872_2592_s_4_2-80x80.jpg 80w, https:\/\/gelateriadiberna.ch\/wp-content\/uploads\/bdbebb_fdccfcfb74a84ad89a2aff29072167d9mv2_d_3872_2592_s_4_2-800x798.jpg 800w, https:\/\/gelateriadiberna.ch\/wp-content\/uploads\/bdbebb_fdccfcfb74a84ad89a2aff29072167d9mv2_d_3872_2592_s_4_2-400x400.jpg 400w, https:\/\/gelateriadiberna.ch\/wp-content\/uploads\/bdbebb_fdccfcfb74a84ad89a2aff29072167d9mv2_d_3872_2592_s_4_2-416x415.jpg 416w, https:\/\/gelateriadiberna.ch\/wp-content\/uploads\/bdbebb_fdccfcfb74a84ad89a2aff29072167d9mv2_d_3872_2592_s_4_2-100x100.jpg 100w\" sizes=\"auto, (max-width: 854px) 100vw, 854px\" \/><\/figure><\/li><li class=\"blocks-gallery-item\"><figure><img loading=\"lazy\" decoding=\"async\" width=\"854\" height=\"852\" src=\"https:\/\/gelateriadiberna.ch\/wp-content\/uploads\/bdbebb_c81a3c4c72de4995a9652c6eb01b2398mv2_d_4928_3280_s_4_2.jpg\" alt=\"\" data-id=\"495\" data-link=\"https:\/\/gelateriadiberna.ch\/startseite\/bdbebb_c81a3c4c72de4995a9652c6eb01b2398mv2_d_4928_3280_s_4_2\/\" class=\"wp-image-495\" srcset=\"https:\/\/gelateriadiberna.ch\/wp-content\/uploads\/bdbebb_c81a3c4c72de4995a9652c6eb01b2398mv2_d_4928_3280_s_4_2.jpg 854w, https:\/\/gelateriadiberna.ch\/wp-content\/uploads\/bdbebb_c81a3c4c72de4995a9652c6eb01b2398mv2_d_4928_3280_s_4_2-80x80.jpg 80w, https:\/\/gelateriadiberna.ch\/wp-content\/uploads\/bdbebb_c81a3c4c72de4995a9652c6eb01b2398mv2_d_4928_3280_s_4_2-800x798.jpg 800w, https:\/\/gelateriadiberna.ch\/wp-content\/uploads\/bdbebb_c81a3c4c72de4995a9652c6eb01b2398mv2_d_4928_3280_s_4_2-400x400.jpg 400w, https:\/\/gelateriadiberna.ch\/wp-content\/uploads\/bdbebb_c81a3c4c72de4995a9652c6eb01b2398mv2_d_4928_3280_s_4_2-416x415.jpg 416w, https:\/\/gelateriadiberna.ch\/wp-content\/uploads\/bdbebb_c81a3c4c72de4995a9652c6eb01b2398mv2_d_4928_3280_s_4_2-100x100.jpg 100w\" sizes=\"auto, (max-width: 854px) 100vw, 854px\" \/><\/figure><\/li><li class=\"blocks-gallery-item\"><figure><img decoding=\"async\" src=\"https:\/\/gelateriadiberna.ch\/wp-content\/uploads\/marediberna.jpg\" alt=\"\" data-id=\"848\" data-link=\"https:\/\/gelateriadiberna.ch\/marediberna\/\" class=\"wp-image-848\"\/><\/figure><\/li><li class=\"blocks-gallery-item\"><figure><img decoding=\"async\" src=\"https:\/\/gelateriadiberna.ch\/wp-content\/uploads\/logo-nacht.jpg\" alt=\"\" data-id=\"847\" data-link=\"https:\/\/gelateriadiberna.ch\/logo-nacht\/\" class=\"wp-image-847\"\/><\/figure><\/li><li class=\"blocks-gallery-item\"><figure><img decoding=\"async\" src=\"https:\/\/gelateriadiberna.ch\/wp-content\/uploads\/geroldsgarten.jpg\" alt=\"\" data-id=\"846\" data-link=\"https:\/\/gelateriadiberna.ch\/geroldsgarten\/\" class=\"wp-image-846\"\/><\/figure><\/li><li class=\"blocks-gallery-item\"><figure><img decoding=\"async\" src=\"https:\/\/gelateriadiberna.ch\/wp-content\/uploads\/cornetto.jpg\" alt=\"\" data-id=\"845\" data-link=\"https:\/\/gelateriadiberna.ch\/cornetto\/\" class=\"wp-image-845\"\/><\/figure><\/li><li class=\"blocks-gallery-item\"><figure><img decoding=\"async\" src=\"https:\/\/gelateriadiberna.ch\/wp-content\/uploads\/ape-front-1.jpg\" alt=\"\" data-id=\"843\" data-link=\"https:\/\/gelateriadiberna.ch\/ape-front\/\" class=\"wp-image-843\"\/><\/figure><\/li><\/ul>\n","protected":false},"excerpt":{"rendered":"<p>Les vacances en camping en Italie\u2026 comme elles sont ancr\u00e9es dans nos m\u00e9moires depuis l\u2019enfance. Quelque part entre Livourne et Follonica. Une petite localit\u00e9 au bord de la mer. Ann\u00e9e apr\u00e8s ann\u00e9e, la m\u00eame chose. Sur la piazza, les gar\u00e7ons font des tours de Vespa \u00e0 toute vitesse. Les hommes vieux s&#8217;exclament bruyamment contre les [&hellip;]<\/p>\n","protected":false},"author":4,"featured_media":0,"parent":0,"menu_order":0,"comment_status":"closed","ping_status":"closed","template":"","meta":{"_acf_changed":false,"footnotes":""},"class_list":["post-52604","page","type-page","status-publish","hentry"],"acf":[],"_links":{"self":[{"href":"https:\/\/gelateriadiberna.ch\/fr\/wp-json\/wp\/v2\/pages\/52604","targetHints":{"allow":["GET"]}}],"collection":[{"href":"https:\/\/gelateriadiberna.ch\/fr\/wp-json\/wp\/v2\/pages"}],"about":[{"href":"https:\/\/gelateriadiberna.ch\/fr\/wp-json\/wp\/v2\/types\/page"}],"author":[{"embeddable":true,"href":"https:\/\/gelateriadiberna.ch\/fr\/wp-json\/wp\/v2\/users\/4"}],"replies":[{"embeddable":true,"href":"https:\/\/gelateriadiberna.ch\/fr\/wp-json\/wp\/v2\/comments?post=52604"}],"version-history":[{"count":3,"href":"https:\/\/gelateriadiberna.ch\/fr\/wp-json\/wp\/v2\/pages\/52604\/revisions"}],"predecessor-version":[{"id":54401,"href":"https:\/\/gelateriadiberna.ch\/fr\/wp-json\/wp\/v2\/pages\/52604\/revisions\/54401"}],"wp:attachment":[{"href":"https:\/\/gelateriadiberna.ch\/fr\/wp-json\/wp\/v2\/media?parent=52604"}],"curies":[{"name":"wp","href":"https:\/\/api.w.org\/{rel}","templated":true}]}}