{"id":52566,"date":"2019-03-05T20:56:36","date_gmt":"2019-03-05T19:56:36","guid":{"rendered":"https:\/\/gelateriadiberna.ch\/events\/"},"modified":"2025-06-04T18:02:55","modified_gmt":"2025-06-04T16:02:55","slug":"events","status":"publish","type":"page","link":"https:\/\/gelateriadiberna.ch\/fr\/events\/","title":{"rendered":"Ton \u00e9v\u00e9nement"},"content":{"rendered":"\n<p><\/p>\n\n\n\n<figure class=\"wp-block-gallery columns-3 is-cropped wp-block-gallery-1 is-layout-flex wp-block-gallery-is-layout-flex\"><ul class=\"blocks-gallery-grid\"><li class=\"blocks-gallery-item\"><figure><img loading=\"lazy\" decoding=\"async\" width=\"1030\" height=\"1030\" src=\"https:\/\/gelateriadiberna.ch\/wp-content\/uploads\/\/WVO_5072-1030x1030.jpg\" alt=\"\" data-id=\"19658\" data-link=\"https:\/\/gelateriadiberna.ch\/events\/wvo_5072\/\" class=\"wp-image-19658\" srcset=\"https:\/\/gelateriadiberna.ch\/wp-content\/uploads\/WVO_5072-1030x1030.jpg 1030w, https:\/\/gelateriadiberna.ch\/wp-content\/uploads\/WVO_5072-80x80.jpg 80w, https:\/\/gelateriadiberna.ch\/wp-content\/uploads\/WVO_5072-800x800.jpg 800w, https:\/\/gelateriadiberna.ch\/wp-content\/uploads\/WVO_5072-400x400.jpg 400w, https:\/\/gelateriadiberna.ch\/wp-content\/uploads\/WVO_5072-416x416.jpg 416w, https:\/\/gelateriadiberna.ch\/wp-content\/uploads\/WVO_5072-100x100.jpg 100w\" sizes=\"auto, (max-width: 1030px) 100vw, 1030px\" \/><\/figure><\/li><li class=\"blocks-gallery-item\"><figure><img loading=\"lazy\" decoding=\"async\" width=\"1030\" height=\"1030\" src=\"https:\/\/gelateriadiberna.ch\/wp-content\/uploads\/\/IMG-20200704-WA0002-1030x1030.jpg\" alt=\"\" data-id=\"19657\" data-link=\"https:\/\/gelateriadiberna.ch\/events\/img-20200704-wa0002\/\" class=\"wp-image-19657\" srcset=\"https:\/\/gelateriadiberna.ch\/wp-content\/uploads\/IMG-20200704-WA0002-1030x1030.jpg 1030w, https:\/\/gelateriadiberna.ch\/wp-content\/uploads\/IMG-20200704-WA0002-80x80.jpg 80w, https:\/\/gelateriadiberna.ch\/wp-content\/uploads\/IMG-20200704-WA0002-800x800.jpg 800w, https:\/\/gelateriadiberna.ch\/wp-content\/uploads\/IMG-20200704-WA0002-400x400.jpg 400w, https:\/\/gelateriadiberna.ch\/wp-content\/uploads\/IMG-20200704-WA0002-416x416.jpg 416w, https:\/\/gelateriadiberna.ch\/wp-content\/uploads\/IMG-20200704-WA0002-100x100.jpg 100w, https:\/\/gelateriadiberna.ch\/wp-content\/uploads\/IMG-20200704-WA0002.jpg 1488w\" sizes=\"auto, (max-width: 1030px) 100vw, 1030px\" \/><\/figure><\/li><li class=\"blocks-gallery-item\"><figure><img loading=\"lazy\" decoding=\"async\" width=\"1030\" height=\"1030\" src=\"https:\/\/gelateriadiberna.ch\/wp-content\/uploads\/\/IMG_20200711_165248-1030x1030.jpg\" alt=\"\" data-id=\"19656\" data-link=\"https:\/\/gelateriadiberna.ch\/events\/img_20200711_165248\/\" class=\"wp-image-19656\" srcset=\"https:\/\/gelateriadiberna.ch\/wp-content\/uploads\/IMG_20200711_165248-1030x1030.jpg 1030w, https:\/\/gelateriadiberna.ch\/wp-content\/uploads\/IMG_20200711_165248-80x80.jpg 80w, https:\/\/gelateriadiberna.ch\/wp-content\/uploads\/IMG_20200711_165248-800x800.jpg 800w, https:\/\/gelateriadiberna.ch\/wp-content\/uploads\/IMG_20200711_165248-400x400.jpg 400w, https:\/\/gelateriadiberna.ch\/wp-content\/uploads\/IMG_20200711_165248-416x416.jpg 416w, https:\/\/gelateriadiberna.ch\/wp-content\/uploads\/IMG_20200711_165248-100x100.jpg 100w\" sizes=\"auto, (max-width: 1030px) 100vw, 1030px\" \/><\/figure><\/li><li class=\"blocks-gallery-item\"><figure><img loading=\"lazy\" decoding=\"async\" width=\"1030\" height=\"1030\" src=\"https:\/\/gelateriadiberna.ch\/wp-content\/uploads\/\/IMG_20200710_161729-1030x1030.jpg\" alt=\"\" data-id=\"19655\" data-link=\"https:\/\/gelateriadiberna.ch\/events\/img_20200710_161729\/\" class=\"wp-image-19655\" srcset=\"https:\/\/gelateriadiberna.ch\/wp-content\/uploads\/IMG_20200710_161729-1030x1030.jpg 1030w, https:\/\/gelateriadiberna.ch\/wp-content\/uploads\/IMG_20200710_161729-80x80.jpg 80w, https:\/\/gelateriadiberna.ch\/wp-content\/uploads\/IMG_20200710_161729-800x800.jpg 800w, https:\/\/gelateriadiberna.ch\/wp-content\/uploads\/IMG_20200710_161729-400x400.jpg 400w, https:\/\/gelateriadiberna.ch\/wp-content\/uploads\/IMG_20200710_161729-416x416.jpg 416w, https:\/\/gelateriadiberna.ch\/wp-content\/uploads\/IMG_20200710_161729-100x100.jpg 100w\" sizes=\"auto, (max-width: 1030px) 100vw, 1030px\" \/><\/figure><\/li><li class=\"blocks-gallery-item\"><figure><img loading=\"lazy\" decoding=\"async\" width=\"1030\" height=\"1030\" src=\"https:\/\/gelateriadiberna.ch\/wp-content\/uploads\/\/IMG_20200710_154244-1030x1030.jpg\" alt=\"\" data-id=\"19654\" data-link=\"https:\/\/gelateriadiberna.ch\/events\/img_20200710_154244\/\" class=\"wp-image-19654\" srcset=\"https:\/\/gelateriadiberna.ch\/wp-content\/uploads\/IMG_20200710_154244-1030x1030.jpg 1030w, https:\/\/gelateriadiberna.ch\/wp-content\/uploads\/IMG_20200710_154244-80x80.jpg 80w, https:\/\/gelateriadiberna.ch\/wp-content\/uploads\/IMG_20200710_154244-800x800.jpg 800w, https:\/\/gelateriadiberna.ch\/wp-content\/uploads\/IMG_20200710_154244-400x400.jpg 400w, https:\/\/gelateriadiberna.ch\/wp-content\/uploads\/IMG_20200710_154244-416x416.jpg 416w, https:\/\/gelateriadiberna.ch\/wp-content\/uploads\/IMG_20200710_154244-100x100.jpg 100w\" sizes=\"auto, (max-width: 1030px) 100vw, 1030px\" \/><\/figure><\/li><li class=\"blocks-gallery-item\"><figure><img loading=\"lazy\" decoding=\"async\" width=\"1030\" height=\"1030\" src=\"https:\/\/gelateriadiberna.ch\/wp-content\/uploads\/\/Holz-Vitrine_1-1030x1030.jpeg\" alt=\"\" data-id=\"19653\" data-link=\"https:\/\/gelateriadiberna.ch\/events\/holz-vitrine_1\/\" class=\"wp-image-19653\" srcset=\"https:\/\/gelateriadiberna.ch\/wp-content\/uploads\/Holz-Vitrine_1-1030x1030.jpeg 1030w, https:\/\/gelateriadiberna.ch\/wp-content\/uploads\/Holz-Vitrine_1-80x80.jpeg 80w, https:\/\/gelateriadiberna.ch\/wp-content\/uploads\/Holz-Vitrine_1-800x800.jpeg 800w, https:\/\/gelateriadiberna.ch\/wp-content\/uploads\/Holz-Vitrine_1-400x400.jpeg 400w, https:\/\/gelateriadiberna.ch\/wp-content\/uploads\/Holz-Vitrine_1-416x416.jpeg 416w, https:\/\/gelateriadiberna.ch\/wp-content\/uploads\/Holz-Vitrine_1-100x100.jpeg 100w, https:\/\/gelateriadiberna.ch\/wp-content\/uploads\/Holz-Vitrine_1.jpeg 1441w\" sizes=\"auto, (max-width: 1030px) 100vw, 1030px\" \/><\/figure><\/li><li class=\"blocks-gallery-item\"><figure><img loading=\"lazy\" decoding=\"async\" width=\"1030\" height=\"1030\" src=\"https:\/\/gelateriadiberna.ch\/wp-content\/uploads\/\/GdB-Holzvitrine-1030x1030.jpg\" alt=\"\" data-id=\"19652\" data-link=\"https:\/\/gelateriadiberna.ch\/events\/gdb-holzvitrine\/\" class=\"wp-image-19652\" srcset=\"https:\/\/gelateriadiberna.ch\/wp-content\/uploads\/GdB-Holzvitrine-1030x1030.jpg 1030w, https:\/\/gelateriadiberna.ch\/wp-content\/uploads\/GdB-Holzvitrine-80x80.jpg 80w, https:\/\/gelateriadiberna.ch\/wp-content\/uploads\/GdB-Holzvitrine-800x800.jpg 800w, https:\/\/gelateriadiberna.ch\/wp-content\/uploads\/GdB-Holzvitrine-400x400.jpg 400w, https:\/\/gelateriadiberna.ch\/wp-content\/uploads\/GdB-Holzvitrine-416x416.jpg 416w, https:\/\/gelateriadiberna.ch\/wp-content\/uploads\/GdB-Holzvitrine-100x100.jpg 100w, https:\/\/gelateriadiberna.ch\/wp-content\/uploads\/GdB-Holzvitrine.jpg 1536w\" sizes=\"auto, (max-width: 1030px) 100vw, 1030px\" \/><\/figure><\/li><li class=\"blocks-gallery-item\"><figure><img decoding=\"async\" src=\"https:\/\/gelateriadiberna.ch\/wp-content\/uploads\/\" alt=\"\" data-id=\"19651\" data-link=\"https:\/\/gelateriadiberna.ch\/events\/bundeshaus\/\" class=\"wp-image-19651\"\/><\/figure><\/li><\/ul><\/figure>\n\n\n\n<hr class=\"wp-block-separator\"\/>\n\n\n\n<p>La Gelateria di Berna vient chez vous, \u00e0 votre mariage, sur la place du village, dans les locaux de votre entreprise, en bordure de for\u00eat ou devant votre club. Partout o\u00f9 notre ancien tricycle Ape se pr\u00e9sente: nous vous offrons une douce surprise. Des Gelatieri exp\u00e9riment\u00e9s servent vos invit\u00e9s avec joie et passion. Au pr\u00e9alable, vous choisissez les Gelati souhait\u00e9s chez nous. Ceux-ci sont produits frais dans notre Laboratorio pour la date convenue.<\/p>\n\n\n\n<p>Nous serons heureux de vous faire une offre et de vous fournir un moment culinaire original lors de votre f\u00eate.<\/p>\n\n\n\n<h4 class=\"wp-block-heading\">Veuillez noter:<\/h4>\n\n\n\n<ul class=\"wp-block-list\"><li>Notre Ape-Piaggio n&#8217;est pas con\u00e7u pour parcourir de longues distances et ne peut donc \u00eatre utilis\u00e9 que dans les r\u00e9gions de B\u00e2le, Berne et Zurich (voir alternative ci-dessous)<\/li><li>Notre Ape est pr\u00e9par\u00e9 pour chaque \u00e9v\u00e9nement et le Gelato est produit frais. Nous ne fixons pas de minimum quant au nombre de personnes, mais nous vous signalons que nous devons facturer les frais de pr\u00e9paration, de d\u00e9placement et de personnel ind\u00e9pendamment du nombre de personnes.<\/li><li>Pour les \u00e9v\u00e9nements sur le domaine public, l&#8217;organisateur doit obtenir une autorisation<\/li><\/ul>\n\n\n\n<p><\/p>\n\n\n\n<p><strong><span style=\"color:#ea5076\" class=\"has-inline-color\"><strong>Demander une offre en ligne pour l&#8217;Ape Piaggio. Veuillez choisir votre ville :<\/strong><\/span><\/strong><\/p>\n\n\n\n<div class=\"wp-block-columns has-3-columns is-layout-flex wp-container-core-columns-is-layout-28f84493 wp-block-columns-is-layout-flex\">\n<div class=\"wp-block-column is-layout-flow wp-block-column-is-layout-flow\">\n<figure class=\"wp-caption\"><a href=\"https:\/\/gelateriadiberna.ch\/events\/event-anfrage-region-bern\">\n<img decoding=\"async\" class=\"demo\" src=\"https:\/\/gelateriadiberna.ch\/wp-content\/uploads\/\" alt=\"Image\">\n<figcaption class=\"wp-caption-text\">Bern<\/figcaption>\n<\/a><\/figure>\n\n\n\n<hr class=\"wp-block-separator\"\/>\n\n\n\n<p><\/p>\n<\/div>\n\n\n\n<div class=\"wp-block-column is-layout-flow wp-block-column-is-layout-flow\">\n<figure class=\"wp-caption\"><a href=\"https:\/\/gelateriadiberna.ch\/events\/event-anfrage-region-zuerich\">\n<img decoding=\"async\" class=\"demo\" src=\"https:\/\/gelateriadiberna.ch\/wp-content\/uploads\/\" alt=\"Image\">\n<figcaption class=\"wp-caption-text\">Z\u00fcrich<\/figcaption>\n<\/a><\/figure>\n<\/div>\n\n\n\n<div class=\"wp-block-column is-layout-flow wp-block-column-is-layout-flow\">\n<figure class=\"wp-caption\"><a href=\"https:\/\/gelateriadiberna.ch\/events\/event-anfrage-region-basel\">\n<img decoding=\"async\" class=\"demo\" src=\"https:\/\/gelateriadiberna.ch\/wp-content\/uploads\/\" alt=\"Image\">\n<figcaption class=\"wp-caption-text\">Basel<\/figcaption>\n<\/a><\/figure>\n<\/div>\n<\/div>\n\n\n\n<p>Pour les \u00e9v\u00e9nements hors de port\u00e9e de notre Ape Piaggio, nous venons volontiers avec notre vitrine \u00e9v\u00e9nementielle (six parfums de Gelato) depuis Berne [En raison des frais suppl\u00e9mentaires, plut\u00f4t adapt\u00e9 aux grands \u00e9v\u00e9nements (300+ personnes)]. Dans le canton de Berne, nous pouvons \u00e9galement servir des \u00e9v\u00e9nements plus petits (par exemple, \u00e9v\u00e9nements int\u00e9rieurs, terrasses sur le toit) avec la vitrine. Veuillez le s\u00e9lectionner lors de la demande d&#8217;offre (\u00e9v\u00e9nement avec une vitrine au lieu de l&#8217;Ape Piaggio).<br><strong><br><a href=\"https:\/\/gelateriadiberna.ch\/events\/event-anfrage-region-bern\/\"><strong>Demander une offre en ligne pour la vitrine \u00e9v\u00e9nementielle<\/strong><\/a><\/strong><br><\/p>\n\n\n\n<figure class=\"wp-block-image\"><img loading=\"lazy\" decoding=\"async\" width=\"1030\" height=\"1030\" src=\"https:\/\/gelateriadiberna.ch\/wp-content\/uploads\/\/Holz-Vitrine_1-1030x1030.jpeg\" alt=\"\" class=\"wp-image-52583\" srcset=\"https:\/\/gelateriadiberna.ch\/wp-content\/uploads\/Holz-Vitrine_1-1030x1030.jpeg 1030w, https:\/\/gelateriadiberna.ch\/wp-content\/uploads\/Holz-Vitrine_1-80x80.jpeg 80w, https:\/\/gelateriadiberna.ch\/wp-content\/uploads\/Holz-Vitrine_1-800x800.jpeg 800w, https:\/\/gelateriadiberna.ch\/wp-content\/uploads\/Holz-Vitrine_1-400x400.jpeg 400w, https:\/\/gelateriadiberna.ch\/wp-content\/uploads\/Holz-Vitrine_1-416x416.jpeg 416w, https:\/\/gelateriadiberna.ch\/wp-content\/uploads\/Holz-Vitrine_1-100x100.jpeg 100w, https:\/\/gelateriadiberna.ch\/wp-content\/uploads\/Holz-Vitrine_1.jpeg 1441w\" sizes=\"auto, (max-width: 1030px) 100vw, 1030px\" \/><\/figure>\n","protected":false},"excerpt":{"rendered":"<p>La Gelateria di Berna vient chez vous, \u00e0 votre mariage, sur la place du village, dans les locaux de votre entreprise, en bordure de for\u00eat ou devant votre club. Partout o\u00f9 notre ancien tricycle Ape se pr\u00e9sente: nous vous offrons une douce surprise. Des Gelatieri exp\u00e9riment\u00e9s servent vos invit\u00e9s avec joie et passion. Au pr\u00e9alable, [&hellip;]<\/p>\n","protected":false},"author":4,"featured_media":0,"parent":0,"menu_order":0,"comment_status":"closed","ping_status":"closed","template":"","meta":{"_acf_changed":false,"footnotes":""},"class_list":["post-52566","page","type-page","status-publish","hentry"],"acf":[],"_links":{"self":[{"href":"https:\/\/gelateriadiberna.ch\/fr\/wp-json\/wp\/v2\/pages\/52566","targetHints":{"allow":["GET"]}}],"collection":[{"href":"https:\/\/gelateriadiberna.ch\/fr\/wp-json\/wp\/v2\/pages"}],"about":[{"href":"https:\/\/gelateriadiberna.ch\/fr\/wp-json\/wp\/v2\/types\/page"}],"author":[{"embeddable":true,"href":"https:\/\/gelateriadiberna.ch\/fr\/wp-json\/wp\/v2\/users\/4"}],"replies":[{"embeddable":true,"href":"https:\/\/gelateriadiberna.ch\/fr\/wp-json\/wp\/v2\/comments?post=52566"}],"version-history":[{"count":5,"href":"https:\/\/gelateriadiberna.ch\/fr\/wp-json\/wp\/v2\/pages\/52566\/revisions"}],"predecessor-version":[{"id":54398,"href":"https:\/\/gelateriadiberna.ch\/fr\/wp-json\/wp\/v2\/pages\/52566\/revisions\/54398"}],"wp:attachment":[{"href":"https:\/\/gelateriadiberna.ch\/fr\/wp-json\/wp\/v2\/media?parent=52566"}],"curies":[{"name":"wp","href":"https:\/\/api.w.org\/{rel}","templated":true}]}}