{"id":48828,"date":"2024-11-27T11:01:52","date_gmt":"2024-11-27T10:01:54","guid":{"rendered":"https:\/\/gelateriadiberna.ch\/?post_type=product&#038;p=48828"},"modified":"2025-05-29T16:22:39","modified_gmt":"2025-05-29T14:22:39","slug":"hoodie-marediberna","status":"publish","type":"product","link":"https:\/\/gelateriadiberna.ch\/en\/product\/hoodie-marediberna\/","title":{"rendered":"Hoodie &#8220;marediberna&#8221;"},"content":{"rendered":"<p>Composition : Shell : sweat-shirt gratt\u00e9, 100% coton biologique peign\u00e9 ring-spun,<br \/>\npr\u00e9lav\u00e9, 350 GSM<\/p>\n<p>Ta taille n&#8217;est plus disponible ? Envoyez-nous un e-mail (info@gelateriadiberna.ch).<\/p>\n<p>Les prix incluent la TVA.<\/p>\n<p>D\u00e9lai de livraison : env. 4-5 jours ouvrables<\/p>\n<p>&nbsp;<\/p>\n","protected":false},"excerpt":{"rendered":"<p>Composition : Shell : sweat-shirt gratt\u00e9, 100% coton biologique peign\u00e9 ring-spun, pr\u00e9lav\u00e9, 350 GSM Ta taille n&#8217;est plus disponible ? Envoyez-nous un e-mail (info@gelateriadiberna.ch). Les prix incluent la TVA. D\u00e9lai de livraison : env. 4-5 jours ouvrables &nbsp;<\/p>\n","protected":false},"featured_media":48973,"template":"","meta":{"_acf_changed":false},"product_brand":[],"product_cat":[241],"product_tag":[],"class_list":{"0":"post-48828","1":"product","2":"type-product","3":"status-publish","4":"has-post-thumbnail","6":"product_cat-marediberna-wear-en","7":"product_shipping_class-kleidung-en","8":"pa_groesse-l-en","9":"pa_groesse-m-en","10":"pa_groesse-s-en","11":"pa_groesse-xl-en","13":"first","14":"instock","15":"taxable","16":"shipping-taxable","17":"purchasable","18":"product-type-variable","19":"has-default-attributes"},"acf":[],"_links":{"self":[{"href":"https:\/\/gelateriadiberna.ch\/en\/wp-json\/wp\/v2\/product\/48828","targetHints":{"allow":["GET"]}}],"collection":[{"href":"https:\/\/gelateriadiberna.ch\/en\/wp-json\/wp\/v2\/product"}],"about":[{"href":"https:\/\/gelateriadiberna.ch\/en\/wp-json\/wp\/v2\/types\/product"}],"wp:featuredmedia":[{"embeddable":true,"href":"https:\/\/gelateriadiberna.ch\/en\/wp-json\/wp\/v2\/media\/48973"}],"wp:attachment":[{"href":"https:\/\/gelateriadiberna.ch\/en\/wp-json\/wp\/v2\/media?parent=48828"}],"wp:term":[{"taxonomy":"product_brand","embeddable":true,"href":"https:\/\/gelateriadiberna.ch\/en\/wp-json\/wp\/v2\/product_brand?post=48828"},{"taxonomy":"product_cat","embeddable":true,"href":"https:\/\/gelateriadiberna.ch\/en\/wp-json\/wp\/v2\/product_cat?post=48828"},{"taxonomy":"product_tag","embeddable":true,"href":"https:\/\/gelateriadiberna.ch\/en\/wp-json\/wp\/v2\/product_tag?post=48828"}],"curies":[{"name":"wp","href":"https:\/\/api.w.org\/{rel}","templated":true}]}}