{"id":39944,"date":"2023-09-27T10:20:17","date_gmt":"2023-09-27T08:20:17","guid":{"rendered":"https:\/\/gelateriadiberna.ch\/?post_type=product&#038;p=39944"},"modified":"2025-12-22T13:06:19","modified_gmt":"2025-12-22T12:06:19","slug":"panettone-di-berna-mandel-mohn-vegan","status":"publish","type":"product","link":"https:\/\/gelateriadiberna.ch\/en\/product\/panettone-di-berna-mandel-mohn-vegan\/","title":{"rendered":"Panettone di Berna &#8211; Mandel-Mohn (Vegan)"},"content":{"rendered":"<p>Der neuste Wurf. Eigentlich ein &#8220;Panett<em>ohne<\/em>&#8221; &#8211; 100% vegan. Verspielt mit Mandel und Mohn.<\/p>\n<p>Menge: 500g<\/p>\n<p>Lieferfrist: 3-4 Arbeitstage (Postversand) oder Dienstag, Donnerstag, Freitag oder Samstag Abend per Velokurier (Datum frei w\u00e4hlbar)<\/p>\n<p>Bei Postversand Bestellungen ab Freitag dem 19.12. k\u00f6nnen wir eine Zustellung vor Weihnachten leider nicht mehr garantieren. Bestellungen ab dem 24.12. werden fr\u00fchestens am 29.12. verschickt.<\/p>\n<p>Es handelt sich bei unseren Panettoni um Frischeprodukte. Aus diesem Grund kann die Mindesthaltbarkeit variieren.<\/p>\n<p>Das Minimum betr\u00e4gt 5 Tage.<\/p>\n","protected":false},"excerpt":{"rendered":"<p>Der neuste Wurf. Eigentlich ein &#8220;Panettohne&#8221; &#8211; 100% vegan. Verspielt mit Mandel und Mohn. Menge: 500g Lieferfrist: 3-4 Arbeitstage (Postversand) oder Dienstag, Donnerstag, Freitag oder Samstag Abend per Velokurier (Datum frei w\u00e4hlbar) Bei Postversand Bestellungen ab Freitag dem 19.12. k\u00f6nnen wir eine Zustellung vor Weihnachten leider nicht mehr garantieren. Bestellungen ab dem 24.12. werden fr\u00fchestens [&hellip;]<\/p>\n","protected":false},"featured_media":49079,"template":"","meta":{"_acf_changed":false},"product_brand":[],"product_cat":[217],"product_tag":[],"class_list":{"0":"post-39944","1":"product","2":"type-product","3":"status-publish","4":"has-post-thumbnail","6":"product_cat-panettone-en","7":"product_shipping_class-panettone-en","9":"first","10":"outofstock","11":"taxable","12":"shipping-taxable","13":"purchasable","14":"product-type-simple"},"acf":[],"_links":{"self":[{"href":"https:\/\/gelateriadiberna.ch\/en\/wp-json\/wp\/v2\/product\/39944","targetHints":{"allow":["GET"]}}],"collection":[{"href":"https:\/\/gelateriadiberna.ch\/en\/wp-json\/wp\/v2\/product"}],"about":[{"href":"https:\/\/gelateriadiberna.ch\/en\/wp-json\/wp\/v2\/types\/product"}],"wp:featuredmedia":[{"embeddable":true,"href":"https:\/\/gelateriadiberna.ch\/en\/wp-json\/wp\/v2\/media\/49079"}],"wp:attachment":[{"href":"https:\/\/gelateriadiberna.ch\/en\/wp-json\/wp\/v2\/media?parent=39944"}],"wp:term":[{"taxonomy":"product_brand","embeddable":true,"href":"https:\/\/gelateriadiberna.ch\/en\/wp-json\/wp\/v2\/product_brand?post=39944"},{"taxonomy":"product_cat","embeddable":true,"href":"https:\/\/gelateriadiberna.ch\/en\/wp-json\/wp\/v2\/product_cat?post=39944"},{"taxonomy":"product_tag","embeddable":true,"href":"https:\/\/gelateriadiberna.ch\/en\/wp-json\/wp\/v2\/product_tag?post=39944"}],"curies":[{"name":"wp","href":"https:\/\/api.w.org\/{rel}","templated":true}]}}