{"id":25135,"date":"2021-10-11T16:44:44","date_gmt":"2021-10-11T14:44:44","guid":{"rendered":"https:\/\/gelateriadiberna.ch\/produkt\/panettone-di-berna-naturale-coming-soon\/"},"modified":"2025-12-23T11:52:32","modified_gmt":"2025-12-23T10:52:32","slug":"colomba-di-berna","status":"publish","type":"product","link":"https:\/\/gelateriadiberna.ch\/en\/product\/colomba-di-berna\/","title":{"rendered":"Panettone di Berna &#8211; Naturale"},"content":{"rendered":"<p>Der Purist<\/p>\n<p>Menge: 450g<\/p>\n<p>Postversand: Lieferfrist: 3-4 Arbeitstage<br \/>\nDelivery: Dienstag, Donnerstag, Freitag oder Samstag Abend per Velokurier (Datum frei w\u00e4hlbar)<\/p>\n<p>Bei Postversand Bestellungen ab Freitag dem 19.12. k\u00f6nnen wir eine Zustellung vor Weihnachten leider nicht mehr garantieren. Bestellungen ab dem 24.12. werden fr\u00fchestens am 29.12. verschickt.<\/p>\n<p>Es handelt sich bei unseren Panettoni um Frischeprodukte. Aus diesem Grund kann die Mindesthaltbarkeit variieren.<\/p>\n<p>Das Minimum betr\u00e4gt 5 Tage.<\/p>\n","protected":false},"excerpt":{"rendered":"<p>Der Purist Menge: 450g Postversand: Lieferfrist: 3-4 Arbeitstage Delivery: Dienstag, Donnerstag, Freitag oder Samstag Abend per Velokurier (Datum frei w\u00e4hlbar) Bei Postversand Bestellungen ab Freitag dem 19.12. k\u00f6nnen wir eine Zustellung vor Weihnachten leider nicht mehr garantieren. Bestellungen ab dem 24.12. werden fr\u00fchestens am 29.12. verschickt. Es handelt sich bei unseren Panettoni um Frischeprodukte. Aus [&hellip;]<\/p>\n","protected":false},"featured_media":49061,"template":"","meta":{"_acf_changed":false},"product_brand":[],"product_cat":[217],"product_tag":[],"class_list":{"0":"post-25135","1":"product","2":"type-product","3":"status-publish","4":"has-post-thumbnail","6":"product_cat-panettone-en","7":"product_shipping_class-panettone-en","9":"first","10":"outofstock","11":"taxable","12":"shipping-taxable","13":"purchasable","14":"product-type-simple"},"acf":[],"_links":{"self":[{"href":"https:\/\/gelateriadiberna.ch\/en\/wp-json\/wp\/v2\/product\/25135","targetHints":{"allow":["GET"]}}],"collection":[{"href":"https:\/\/gelateriadiberna.ch\/en\/wp-json\/wp\/v2\/product"}],"about":[{"href":"https:\/\/gelateriadiberna.ch\/en\/wp-json\/wp\/v2\/types\/product"}],"wp:featuredmedia":[{"embeddable":true,"href":"https:\/\/gelateriadiberna.ch\/en\/wp-json\/wp\/v2\/media\/49061"}],"wp:attachment":[{"href":"https:\/\/gelateriadiberna.ch\/en\/wp-json\/wp\/v2\/media?parent=25135"}],"wp:term":[{"taxonomy":"product_brand","embeddable":true,"href":"https:\/\/gelateriadiberna.ch\/en\/wp-json\/wp\/v2\/product_brand?post=25135"},{"taxonomy":"product_cat","embeddable":true,"href":"https:\/\/gelateriadiberna.ch\/en\/wp-json\/wp\/v2\/product_cat?post=25135"},{"taxonomy":"product_tag","embeddable":true,"href":"https:\/\/gelateriadiberna.ch\/en\/wp-json\/wp\/v2\/product_tag?post=25135"}],"curies":[{"name":"wp","href":"https:\/\/api.w.org\/{rel}","templated":true}]}}